{"id":31,"date":"2023-10-16T11:01:30","date_gmt":"2023-10-16T09:01:30","guid":{"rendered":"http:\/\/eliterro.com\/?page_id=31"},"modified":"2024-09-25T20:41:19","modified_gmt":"2024-09-25T18:41:19","slug":"detaily-gdpr","status":"publish","type":"page","link":"https:\/\/www.eliterro.com\/cs\/detaily-gdpr\/","title":{"rendered":"Z\u00e1sady ochrany osobn\u00edch \u00fadaj\u016f"},"content":{"rendered":"\n<h2 class=\"wp-block-heading\">1. Z\u00e1kladn\u00ed ustanoven\u00ed<\/h2>\n\n\n\n<ul class=\"wp-block-list\">\n<li>Spr\u00e1vcem osobn\u00edch \u00fadaj\u016f podle \u010dl. 4 bod 7 na\u0159\u00edzen\u00ed Evropsk\u00e9ho parlamentu a Rady (EU) 2016\/679 o ochran\u011b fyzick\u00fdch osob v souvislosti se zpracov\u00e1n\u00edm osobn\u00edch \u00fadaj\u016f a o voln\u00e9m pohybu t\u011bchto \u00fadaj\u016f (d\u00e1le jen: \u201eGDPR\u201d) je Eliterro s.r.o., I\u010cO 094 55\u00a0973, DI\u010c: CZ 094 55\u00a0973, se s\u00eddlem Vi\u0161\u0148ov\u00e1 144, Dol\u00ednek, 250 70 Odolena Voda (d\u00e1le jen: \u201espr\u00e1vce\u201c).<br><\/li>\n\n\n\n<li>Kontaktn\u00ed \u00fadaje spr\u00e1vce jsou<br>adresa: Vi\u0161\u0148ov\u00e1 144, Dol\u00ednek, 250 70 Odolena Voda<br>email: info@eliterro.com<br>telefon: +420\u00a0736\u00a0404 433<br><\/li>\n\n\n\n<li>Osobn\u00edmi \u00fadaji se rozum\u00ed ve\u0161ker\u00e9 informace o identifikovan\u00e9 nebo identifikovateln\u00e9 fyzick\u00e9 osob\u011b; identifikovatelnou fyzickou osobou je fyzick\u00e1 osoba, kterou lze p\u0159\u00edmo \u010di nep\u0159\u00edmo identifikovat, zejm\u00e9na odkazem na ur\u010dit\u00fd identifik\u00e1tor, nap\u0159\u00edklad jm\u00e9no, identifika\u010dn\u00ed \u010d\u00edslo, loka\u010dn\u00ed \u00fadaje, s\u00ed\u0165ov\u00fd identifik\u00e1tor nebo na jeden \u010di v\u00edce zvl\u00e1\u0161tn\u00edch prvk\u016f fyzick\u00e9, fyziologick\u00e9, genetick\u00e9, psychick\u00e9, ekonomick\u00e9, kulturn\u00ed nebo spole\u010densk\u00e9 identity t\u00e9to fyzick\u00e9 osoby.<br><\/li>\n<\/ul>\n\n\n\n<h2 class=\"wp-block-heading\">2. Zdroje a kategorie zpracov\u00e1van\u00fdch osobn\u00edch \u00fadaj\u016f<\/h2>\n\n\n\n<ul class=\"wp-block-list\">\n<li>Spr\u00e1vce zpracov\u00e1v\u00e1 osobn\u00ed \u00fadaje, kter\u00e9 jste mu poskytl\/a nebo osobn\u00ed \u00fadaje, kter\u00e9 spr\u00e1vce z\u00edskal na z\u00e1klad\u011b vypln\u011bn\u00ed kontaktn\u00edho formul\u00e1\u0159e.<br><\/li>\n\n\n\n<li>Spr\u00e1vce zpracov\u00e1v\u00e1 Va\u0161e identifika\u010dn\u00ed a kontaktn\u00ed \u00fadaje a \u00fadaje nezbytn\u00e9 pro pln\u011bn\u00ed smlouvy \u010di pro zpracov\u00e1n\u00ed po\u017eadavku zalo\u017een\u00e9ho na vypln\u011bn\u00ed online formul\u00e1\u0159e.<br><\/li>\n<\/ul>\n\n\n\n<h2 class=\"wp-block-heading\">3. Z\u00e1konn\u00fd d\u016fvod a \u00fa\u010del zpracov\u00e1n\u00ed osobn\u00edch \u00fadaj\u016f<\/h2>\n\n\n\n<p><strong>1. Z\u00e1konn\u00fdm d\u016fvodem zpracov\u00e1n\u00ed osobn\u00edch \u00fadaj\u016f je <\/strong><\/p>\n\n\n\n<ul class=\"wp-block-list\">\n<li>pln\u011bn\u00ed smlouvy mezi V\u00e1mi a&amp;nbsp;spr\u00e1vcem podle \u010dl. 6 odst. 1 p\u00edsm. b) GDPR,<br><\/li>\n\n\n\n<li>opr\u00e1vn\u011bn\u00fd z\u00e1jem spr\u00e1vce na poskytov\u00e1n\u00ed p\u0159\u00edm\u00e9ho marketingu (zejm\u00e9na pro zas\u00edl\u00e1n\u00ed obchodn\u00edch sd\u011blen\u00ed a newsletter\u016f) podle \u010dl. 6 odst. 1 p\u00edsm. f) GDPR,<br><\/li>\n\n\n\n<li>V\u00e1\u0161 souhlas se zpracov\u00e1n\u00edm pro \u00fa\u010dely poskytov\u00e1n\u00ed p\u0159\u00edm\u00e9ho marketingu (zejm\u00e9na pro zas\u00edl\u00e1n\u00ed obchodn\u00edch sd\u011blen\u00ed a newsletter\u016f) podle \u010dl. 6 odst. 1 p\u00edsm. a) GDPR ve spojen\u00ed s \u00a7 7 odst. 2 z\u00e1kona \u010d. 480\/2004 Sb., o n\u011bkter\u00fdch slu\u017eb\u00e1ch informa\u010dn\u00ed spole\u010dnosti v p\u0159\u00edpad\u011b, \u017ee nedo\u0161lo k objedn\u00e1vce zbo\u017e\u00ed nebo slu\u017eby. <br><\/li>\n<\/ul>\n\n\n\n<p><strong>2. \u00da\u010delem zpracov\u00e1n\u00ed osobn\u00edch \u00fadaj\u016f je<\/strong><\/p>\n\n\n\n<ul class=\"wp-block-list\">\n<li>vy\u0159\u00edzen\u00ed Va\u0161\u00ed popt\u00e1vky na z\u00e1klad\u011b vypln\u011bn\u00ed \u00fadaj\u016f v kontaktn\u00edm formul\u00e1\u0159i pro \u00fa\u010dely eventu\u00e1ln\u00edho budouc\u00edho smluvn\u00edho vztahu; p\u0159i vypln\u011bn\u00ed kontaktn\u00edho formul\u00e1\u0159e jsou vy\u017eadov\u00e1ny osobn\u00ed \u00fadaje, kter\u00e9 jsou nutn\u00e9 pro odesl\u00e1n\u00ed popt\u00e1vky (jm\u00e9no, kontakt), poskytnut\u00ed osobn\u00edch \u00fadaj\u016f je nutn\u00fdm po\u017eadavkem pro odesl\u00e1n\u00ed kontaktn\u00edho formul\u00e1\u0159e, bez poskytnut\u00ed osobn\u00edch \u00fadaj\u016f nen\u00ed mo\u017en\u00e9 kontaktn\u00ed formul\u00e1\u0159 odeslat;<br><\/li>\n\n\n\n<li>zas\u00edl\u00e1n\u00ed obchodn\u00edch sd\u011blen\u00ed a \u010din\u011bn\u00ed dal\u0161\u00edch marketingov\u00fdch aktivit;<br><\/li>\n\n\n\n<li>jedn\u00e1n\u00ed a p\u0159\u00edpadn\u00e9 uzav\u0159en\u00ed smlouvy na pln\u011bn\u00ed mezi spr\u00e1vcem a V\u00e1mi<\/li>\n<\/ul>\n\n\n\n<p><strong>3. Ze strany spr\u00e1vce nedoch\u00e1z\u00ed k automatick\u00e9mu individu\u00e1ln\u00edmu rozhodov\u00e1n\u00ed ve smyslu \u010dl. 22 GDPR. <\/strong><br><\/p>\n\n\n\n<h2 class=\"wp-block-heading\">4. Doba uchov\u00e1v\u00e1n\u00ed \u00fadaj\u016f<\/h2>\n\n\n\n<p><strong>1. Spr\u00e1vce uchov\u00e1v\u00e1 osobn\u00ed \u00fadaje <\/strong><\/p>\n\n\n\n<ul class=\"wp-block-list\">\n<li>po dobu nezbytnou k v\u00fdkonu pr\u00e1v a povinnost\u00ed vypl\u00fdvaj\u00edc\u00edch ze smluvn\u00edho vztahu mezi V\u00e1mi a spr\u00e1vcem a uplat\u0148ov\u00e1n\u00ed n\u00e1rok\u016f z t\u011bchto smluvn\u00edch vztah\u016f (po dobu 15 let od ukon\u010den\u00ed smluvn\u00edho vztahu), p\u0159\u00edpadn\u011b po dobu 15 let od poskytnut\u00ed osobn\u00edch \u00fadaj\u016f, nedojde-li k&nbsp;n\u00e1sledn\u00e9 realizaci smluvn\u00edho vztahu mezi V\u00e1mi a spr\u00e1vcem,<br><\/li>\n\n\n\n<li>po dobu, ne\u017e je odvol\u00e1n souhlas se zpracov\u00e1n\u00edm osobn\u00edch \u00fadaj\u016f pro \u00fa\u010dely marketingu, nejd\u00e9le 15 let, jsou-li osobn\u00ed \u00fadaje zpracov\u00e1v\u00e1ny na z\u00e1klad\u011b souhlasu.<\/li>\n<\/ul>\n\n\n\n<p><strong>2. Po uplynut\u00ed doby uchov\u00e1v\u00e1n\u00ed osobn\u00edch \u00fadaj\u016f spr\u00e1vce osobn\u00ed \u00fadaje vyma\u017ee. <\/strong><\/p>\n\n\n\n<h2 class=\"wp-block-heading\">5. P\u0159\u00edjemci osobn\u00edch \u00fadaj\u016f (subdodavatel\u00e9 spr\u00e1vce)<\/h2>\n\n\n\n<p><strong>1. P\u0159\u00edjemci osobn\u00edch \u00fadaj\u016f jsou osoby<\/strong><\/p>\n\n\n\n<ul class=\"wp-block-list\">\n<li>pod\u00edlej\u00edc\u00ed se na dod\u00e1n\u00ed zbo\u017e\u00ed \/ slu\u017eeb \/ realizaci plateb na z\u00e1klad\u011b smlouvy, <br><\/li>\n\n\n\n<li>pod\u00edlej\u00edc\u00ed se na zaji\u0161t\u011bn\u00ed provozu slu\u017eeb,<br><\/li>\n\n\n\n<li>zaji\u0161\u0165uj\u00edc\u00ed marketingov\u00e9 slu\u017eby.<\/li>\n<\/ul>\n\n\n\n<p><strong>2. Spr\u00e1vce nem\u00e1 v \u00famyslu p\u0159edat osobn\u00ed \u00fadaje do t\u0159et\u00ed zem\u011b (do zem\u011b mimo EU) nebo mezin\u00e1rodn\u00ed organizaci. <\/strong><br><\/p>\n\n\n\n<h2 class=\"wp-block-heading\">6. Va\u0161e pr\u00e1va<\/h2>\n\n\n\n<p><strong>1. Za podm\u00ednek stanoven\u00fdch v GDPR m\u00e1te<\/strong> <\/p>\n\n\n\n<ul class=\"wp-block-list\">\n<li>pr\u00e1vo na p\u0159\u00edstup ke sv\u00fdm osobn\u00edm \u00fadaj\u016fm dle \u010dl. 15 GDPR,<br><\/li>\n\n\n\n<li>pr\u00e1vo na opravu osobn\u00edch \u00fadaj\u016f dle \u010dl. 16 GDPR, pop\u0159\u00edpad\u011b omezen\u00ed zpracov\u00e1n\u00ed dle \u010dl. 18 GDPR,<br><\/li>\n\n\n\n<li>pr\u00e1vo na v\u00fdmaz osobn\u00edch \u00fadaj\u016f dle \u010dl. 17 GDPR,<br><\/li>\n\n\n\n<li>pr\u00e1vo vzn\u00e9st n\u00e1mitku proti zpracov\u00e1n\u00ed dle \u010dl. 21 GDPR,<br><\/li>\n\n\n\n<li>pr\u00e1vo na p\u0159enositelnost \u00fadaj\u016f dle \u010dl. 20 GDPR,<br><\/li>\n\n\n\n<li>pr\u00e1vo odvolat souhlas se zpracov\u00e1n\u00edm p\u00edsemn\u011b nebo elektronicky na adresu nebo email spr\u00e1vce uveden\u00fd v&nbsp;\u010dl. III t\u011bchto podm\u00ednek.<\/li>\n<\/ul>\n\n\n\n<p><strong>2. D\u00e1le m\u00e1te pr\u00e1vo podat st\u00ed\u017enost u \u00da\u0159adu pro ochranu osobn\u00edch \u00fadaj\u016f v p\u0159\u00edpad\u011b, \u017ee se domn\u00edv\u00e1te, \u017ee bylo poru\u0161eno Va\u0161e pr\u00e1vo na ochranu osobn\u00edch \u00fadaj\u016f. <\/strong><br><\/p>\n\n\n\n<h2 class=\"wp-block-heading\">7. Podm\u00ednky zabezpe\u010den\u00ed osobn\u00edch \u00fadaj\u016f<\/h2>\n\n\n\n<p><strong>1. Spr\u00e1vce prohla\u0161uje, \u017ee p\u0159ijal ve\u0161ker\u00e1 vhodn\u00e1 technick\u00e1 a organiza\u010dn\u00ed opat\u0159en\u00ed k zabezpe\u010den\u00ed osobn\u00edch \u00fadaj\u016f.<br><br>2. Spr\u00e1vce p\u0159ijal technick\u00e1 opat\u0159en\u00ed k zabezpe\u010den\u00ed datov\u00fdch \u00falo\u017ei\u0161\u0165 a \u00falo\u017ei\u0161\u0165 osobn\u00edch \u00fadaj\u016f v listinn\u00e9 podob\u011b.<br><br>3. Spr\u00e1vce prohla\u0161uje, \u017ee k osobn\u00edm \u00fadaj\u016fm maj\u00ed p\u0159\u00edstup pouze j\u00edm pov\u011b\u0159en\u00e9 osoby.<\/strong><br><\/p>\n\n\n\n<h2 class=\"wp-block-heading\">8. Z\u00e1v\u011bre\u010dn\u00e1 ustanoven\u00ed<\/h2>\n\n\n\n<p><strong>1. Odesl\u00e1n\u00edm popt\u00e1vky v internetov\u00e9m kontaktn\u00edm formul\u00e1\u0159i potvrzujete, \u017ee jste sezn\u00e1men\/a s podm\u00ednkami ochrany osobn\u00edch \u00fadaj\u016f a \u017ee je v cel\u00e9m rozsahu p\u0159ij\u00edm\u00e1te.<br><br>2. S&nbsp;t\u011bmito podm\u00ednkami souhlas\u00edte za\u0161krtnut\u00edm souhlasu prost\u0159ednictv\u00edm internetov\u00e9ho formul\u00e1\u0159e. Za\u0161krtnut\u00edm souhlasu potvrzujete, \u017ee jste sezn\u00e1men\/a s podm\u00ednkami ochrany osobn\u00edch \u00fadaj\u016f a \u017ee je v cel\u00e9m rozsahu p\u0159ij\u00edm\u00e1te.<br><br>3. Spr\u00e1vce je opr\u00e1vn\u011bn tyto podm\u00ednky zm\u011bnit. Novou verzi podm\u00ednek ochrany osobn\u00edch \u00fadaj\u016f zve\u0159ejn\u00ed na sv\u00fdch internetov\u00fdch str\u00e1nk\u00e1ch, p\u0159\u00edpadn\u011b V\u00e1m za\u0161le novou verzi t\u011bchto podm\u00ednek na e-mailovou adresu, kterou jste spr\u00e1vci poskytl\/a.<\/strong><br><br>Tyto podm\u00ednky nab\u00fdvaj\u00ed \u00fa\u010dinnosti dnem 1. 11. 2023.<\/p>\n","protected":false},"excerpt":{"rendered":"<p>1. Z\u00e1kladn\u00ed ustanoven\u00ed 2. Zdroje a kategorie zpracov\u00e1van\u00fdch osobn\u00edch \u00fadaj\u016f 3. Z\u00e1konn\u00fd d\u016fvod a \u00fa\u010del zpracov\u00e1n\u00ed osobn\u00edch \u00fadaj\u016f 1. Z\u00e1konn\u00fdm d\u016fvodem zpracov\u00e1n\u00ed osobn\u00edch \u00fadaj\u016f je 2. \u00da\u010delem zpracov\u00e1n\u00ed osobn\u00edch \u00fadaj\u016f je 3. Ze strany spr\u00e1vce nedoch\u00e1z\u00ed k automatick\u00e9mu individu\u00e1ln\u00edmu rozhodov\u00e1n\u00ed ve smyslu \u010dl. 22 GDPR. 4. Doba uchov\u00e1v\u00e1n\u00ed \u00fadaj\u016f 1. Spr\u00e1vce uchov\u00e1v\u00e1 osobn\u00ed \u00fadaje 2. [&hellip;]<\/p>\n","protected":false},"author":1,"featured_media":0,"parent":0,"menu_order":0,"comment_status":"closed","ping_status":"closed","template":"","meta":{"_acf_changed":false,"footnotes":""},"class_list":["post-31","page","type-page","status-publish","hentry"],"acf":[],"yoast_head":"<!-- This site is optimized with the Yoast SEO plugin v27.4 - https:\/\/yoast.com\/product\/yoast-seo-wordpress\/ -->\n<title>Z\u00e1sady ochrany osobn\u00edch \u00fadaj\u016f - Eliterro<\/title>\n<meta name=\"robots\" content=\"index, follow, max-snippet:-1, max-image-preview:large, max-video-preview:-1\" \/>\n<link rel=\"canonical\" href=\"https:\/\/www.eliterro.com\/cs\/detaily-gdpr\/\" \/>\n<meta property=\"og:locale\" content=\"cs_CZ\" \/>\n<meta property=\"og:type\" content=\"article\" \/>\n<meta property=\"og:title\" content=\"Z\u00e1sady ochrany osobn\u00edch \u00fadaj\u016f - Eliterro\" \/>\n<meta property=\"og:description\" content=\"1. Z\u00e1kladn\u00ed ustanoven\u00ed 2. Zdroje a kategorie zpracov\u00e1van\u00fdch osobn\u00edch \u00fadaj\u016f 3. Z\u00e1konn\u00fd d\u016fvod a \u00fa\u010del zpracov\u00e1n\u00ed osobn\u00edch \u00fadaj\u016f 1. Z\u00e1konn\u00fdm d\u016fvodem zpracov\u00e1n\u00ed osobn\u00edch \u00fadaj\u016f je 2. \u00da\u010delem zpracov\u00e1n\u00ed osobn\u00edch \u00fadaj\u016f je 3. Ze strany spr\u00e1vce nedoch\u00e1z\u00ed k automatick\u00e9mu individu\u00e1ln\u00edmu rozhodov\u00e1n\u00ed ve smyslu \u010dl. 22 GDPR. 4. Doba uchov\u00e1v\u00e1n\u00ed \u00fadaj\u016f 1. Spr\u00e1vce uchov\u00e1v\u00e1 osobn\u00ed \u00fadaje 2. [&hellip;]\" \/>\n<meta property=\"og:url\" content=\"https:\/\/www.eliterro.com\/cs\/detaily-gdpr\/\" \/>\n<meta property=\"og:site_name\" content=\"Eliterro\" \/>\n<meta property=\"article:modified_time\" content=\"2024-09-25T18:41:19+00:00\" \/>\n<meta property=\"og:image\" content=\"https:\/\/www.eliterro.com\/wp-content\/uploads\/2023\/11\/info_pro_fan.jpg\" \/>\n\t<meta property=\"og:image:width\" content=\"729\" \/>\n\t<meta property=\"og:image:height\" content=\"315\" \/>\n\t<meta property=\"og:image:type\" content=\"image\/jpeg\" \/>\n<meta name=\"twitter:card\" content=\"summary_large_image\" \/>\n<meta name=\"twitter:label1\" content=\"Odhadovan\u00e1 doba \u010dten\u00ed\" \/>\n\t<meta name=\"twitter:data1\" content=\"4 minuty\" \/>\n<script type=\"application\/ld+json\" class=\"yoast-schema-graph\">{\"@context\":\"https:\\\/\\\/schema.org\",\"@graph\":[{\"@type\":\"WebPage\",\"@id\":\"https:\\\/\\\/www.eliterro.com\\\/cs\\\/detaily-gdpr\\\/\",\"url\":\"https:\\\/\\\/www.eliterro.com\\\/cs\\\/detaily-gdpr\\\/\",\"name\":\"Z\u00e1sady ochrany osobn\u00edch \u00fadaj\u016f - Eliterro\",\"isPartOf\":{\"@id\":\"https:\\\/\\\/www.eliterro.com\\\/cs\\\/#website\"},\"datePublished\":\"2023-10-16T09:01:30+00:00\",\"dateModified\":\"2024-09-25T18:41:19+00:00\",\"breadcrumb\":{\"@id\":\"https:\\\/\\\/www.eliterro.com\\\/cs\\\/detaily-gdpr\\\/#breadcrumb\"},\"inLanguage\":\"cs\",\"potentialAction\":[{\"@type\":\"ReadAction\",\"target\":[\"https:\\\/\\\/www.eliterro.com\\\/cs\\\/detaily-gdpr\\\/\"]}]},{\"@type\":\"BreadcrumbList\",\"@id\":\"https:\\\/\\\/www.eliterro.com\\\/cs\\\/detaily-gdpr\\\/#breadcrumb\",\"itemListElement\":[{\"@type\":\"ListItem\",\"position\":1,\"name\":\"Dom\u016f\",\"item\":\"https:\\\/\\\/www.eliterro.com\\\/cs\\\/\"},{\"@type\":\"ListItem\",\"position\":2,\"name\":\"Z\u00e1sady ochrany osobn\u00edch \u00fadaj\u016f\"}]},{\"@type\":\"WebSite\",\"@id\":\"https:\\\/\\\/www.eliterro.com\\\/cs\\\/#website\",\"url\":\"https:\\\/\\\/www.eliterro.com\\\/cs\\\/\",\"name\":\"Eliterro\",\"description\":\"V\u00e1\u0161 sport na dosah ruky. V aplikaci.\",\"publisher\":{\"@id\":\"https:\\\/\\\/www.eliterro.com\\\/cs\\\/#organization\"},\"potentialAction\":[{\"@type\":\"SearchAction\",\"target\":{\"@type\":\"EntryPoint\",\"urlTemplate\":\"https:\\\/\\\/www.eliterro.com\\\/cs\\\/?s={search_term_string}\"},\"query-input\":{\"@type\":\"PropertyValueSpecification\",\"valueRequired\":true,\"valueName\":\"search_term_string\"}}],\"inLanguage\":\"cs\"},{\"@type\":\"Organization\",\"@id\":\"https:\\\/\\\/www.eliterro.com\\\/cs\\\/#organization\",\"name\":\"Eliterro\",\"url\":\"https:\\\/\\\/www.eliterro.com\\\/cs\\\/\",\"logo\":{\"@type\":\"ImageObject\",\"inLanguage\":\"cs\",\"@id\":\"https:\\\/\\\/www.eliterro.com\\\/cs\\\/#\\\/schema\\\/logo\\\/image\\\/\",\"url\":\"https:\\\/\\\/www.eliterro.com\\\/wp-content\\\/uploads\\\/2023\\\/10\\\/cropped-android-chrome-512x512-1.png\",\"contentUrl\":\"https:\\\/\\\/www.eliterro.com\\\/wp-content\\\/uploads\\\/2023\\\/10\\\/cropped-android-chrome-512x512-1.png\",\"width\":512,\"height\":512,\"caption\":\"Eliterro\"},\"image\":{\"@id\":\"https:\\\/\\\/www.eliterro.com\\\/cs\\\/#\\\/schema\\\/logo\\\/image\\\/\"}}]}<\/script>\n<!-- \/ Yoast SEO plugin. -->","yoast_head_json":{"title":"Z\u00e1sady ochrany osobn\u00edch \u00fadaj\u016f - Eliterro","robots":{"index":"index","follow":"follow","max-snippet":"max-snippet:-1","max-image-preview":"max-image-preview:large","max-video-preview":"max-video-preview:-1"},"canonical":"https:\/\/www.eliterro.com\/cs\/detaily-gdpr\/","og_locale":"cs_CZ","og_type":"article","og_title":"Z\u00e1sady ochrany osobn\u00edch \u00fadaj\u016f - Eliterro","og_description":"1. Z\u00e1kladn\u00ed ustanoven\u00ed 2. Zdroje a kategorie zpracov\u00e1van\u00fdch osobn\u00edch \u00fadaj\u016f 3. Z\u00e1konn\u00fd d\u016fvod a \u00fa\u010del zpracov\u00e1n\u00ed osobn\u00edch \u00fadaj\u016f 1. Z\u00e1konn\u00fdm d\u016fvodem zpracov\u00e1n\u00ed osobn\u00edch \u00fadaj\u016f je 2. \u00da\u010delem zpracov\u00e1n\u00ed osobn\u00edch \u00fadaj\u016f je 3. Ze strany spr\u00e1vce nedoch\u00e1z\u00ed k automatick\u00e9mu individu\u00e1ln\u00edmu rozhodov\u00e1n\u00ed ve smyslu \u010dl. 22 GDPR. 4. Doba uchov\u00e1v\u00e1n\u00ed \u00fadaj\u016f 1. Spr\u00e1vce uchov\u00e1v\u00e1 osobn\u00ed \u00fadaje 2. [&hellip;]","og_url":"https:\/\/www.eliterro.com\/cs\/detaily-gdpr\/","og_site_name":"Eliterro","article_modified_time":"2024-09-25T18:41:19+00:00","og_image":[{"width":729,"height":315,"url":"https:\/\/www.eliterro.com\/wp-content\/uploads\/2023\/11\/info_pro_fan.jpg","type":"image\/jpeg"}],"twitter_card":"summary_large_image","twitter_misc":{"Odhadovan\u00e1 doba \u010dten\u00ed":"4 minuty"},"schema":{"@context":"https:\/\/schema.org","@graph":[{"@type":"WebPage","@id":"https:\/\/www.eliterro.com\/cs\/detaily-gdpr\/","url":"https:\/\/www.eliterro.com\/cs\/detaily-gdpr\/","name":"Z\u00e1sady ochrany osobn\u00edch \u00fadaj\u016f - Eliterro","isPartOf":{"@id":"https:\/\/www.eliterro.com\/cs\/#website"},"datePublished":"2023-10-16T09:01:30+00:00","dateModified":"2024-09-25T18:41:19+00:00","breadcrumb":{"@id":"https:\/\/www.eliterro.com\/cs\/detaily-gdpr\/#breadcrumb"},"inLanguage":"cs","potentialAction":[{"@type":"ReadAction","target":["https:\/\/www.eliterro.com\/cs\/detaily-gdpr\/"]}]},{"@type":"BreadcrumbList","@id":"https:\/\/www.eliterro.com\/cs\/detaily-gdpr\/#breadcrumb","itemListElement":[{"@type":"ListItem","position":1,"name":"Dom\u016f","item":"https:\/\/www.eliterro.com\/cs\/"},{"@type":"ListItem","position":2,"name":"Z\u00e1sady ochrany osobn\u00edch \u00fadaj\u016f"}]},{"@type":"WebSite","@id":"https:\/\/www.eliterro.com\/cs\/#website","url":"https:\/\/www.eliterro.com\/cs\/","name":"Eliterro","description":"V\u00e1\u0161 sport na dosah ruky. V aplikaci.","publisher":{"@id":"https:\/\/www.eliterro.com\/cs\/#organization"},"potentialAction":[{"@type":"SearchAction","target":{"@type":"EntryPoint","urlTemplate":"https:\/\/www.eliterro.com\/cs\/?s={search_term_string}"},"query-input":{"@type":"PropertyValueSpecification","valueRequired":true,"valueName":"search_term_string"}}],"inLanguage":"cs"},{"@type":"Organization","@id":"https:\/\/www.eliterro.com\/cs\/#organization","name":"Eliterro","url":"https:\/\/www.eliterro.com\/cs\/","logo":{"@type":"ImageObject","inLanguage":"cs","@id":"https:\/\/www.eliterro.com\/cs\/#\/schema\/logo\/image\/","url":"https:\/\/www.eliterro.com\/wp-content\/uploads\/2023\/10\/cropped-android-chrome-512x512-1.png","contentUrl":"https:\/\/www.eliterro.com\/wp-content\/uploads\/2023\/10\/cropped-android-chrome-512x512-1.png","width":512,"height":512,"caption":"Eliterro"},"image":{"@id":"https:\/\/www.eliterro.com\/cs\/#\/schema\/logo\/image\/"}}]}},"_links":{"self":[{"href":"https:\/\/www.eliterro.com\/cs\/wp-json\/wp\/v2\/pages\/31","targetHints":{"allow":["GET"]}}],"collection":[{"href":"https:\/\/www.eliterro.com\/cs\/wp-json\/wp\/v2\/pages"}],"about":[{"href":"https:\/\/www.eliterro.com\/cs\/wp-json\/wp\/v2\/types\/page"}],"author":[{"embeddable":true,"href":"https:\/\/www.eliterro.com\/cs\/wp-json\/wp\/v2\/users\/1"}],"replies":[{"embeddable":true,"href":"https:\/\/www.eliterro.com\/cs\/wp-json\/wp\/v2\/comments?post=31"}],"version-history":[{"count":0,"href":"https:\/\/www.eliterro.com\/cs\/wp-json\/wp\/v2\/pages\/31\/revisions"}],"wp:attachment":[{"href":"https:\/\/www.eliterro.com\/cs\/wp-json\/wp\/v2\/media?parent=31"}],"curies":[{"name":"wp","href":"https:\/\/api.w.org\/{rel}","templated":true}]}}